{"id":12310,"date":"2023-06-13T08:04:14","date_gmt":"2023-06-13T08:04:14","guid":{"rendered":"https:\/\/test.olamproperties.com\/?page_id=12310"},"modified":"2025-02-18T00:19:56","modified_gmt":"2025-02-18T00:19:56","slug":"real-estate-news-cannes","status":"publish","type":"page","link":"https:\/\/olamproperties.com\/en\/real-estate-news-cannes\/","title":{"rendered":"News"},"content":{"rendered":"\t\t<div data-elementor-type=\"wp-page\" data-elementor-id=\"12310\" class=\"elementor elementor-12310 elementor-8642\">\n\t\t\t\t<div class=\"elementor-element elementor-element-52e0a06 e-flex e-con-boxed wpr-sticky-section-no e-con e-parent\" data-id=\"52e0a06\" data-element_type=\"container\">\n\t\t\t\t\t<div class=\"e-con-inner\">\n\t\t\t\t<div class=\"elementor-element elementor-element-c239d49 elementor-widget__width-auto elementor-widget elementor-widget-heading\" data-id=\"c239d49\" data-element_type=\"widget\" data-widget_type=\"heading.default\">\n\t\t\t\t<div class=\"elementor-widget-container\">\n\t\t\t\t\t<h1 class=\"elementor-heading-title elementor-size-default\">News Olam Properties<\/h1>\t\t\t\t<\/div>\n\t\t\t\t<\/div>\n\t\t\t\t<div class=\"elementor-element elementor-element-37d2d80 elementor-widget elementor-widget-text-editor\" data-id=\"37d2d80\" data-element_type=\"widget\" data-widget_type=\"text-editor.default\">\n\t\t\t\t<div class=\"elementor-widget-container\">\n\t\t\t\t\t\t\t\t\t<p>Browse through our blog articles, whether it&#8217;s about real estate in Cannes, the latest trends or news from our Olam Properties agency!<\/p><p>Follow us on social networks to find out more every day!<\/p>\t\t\t\t\t\t\t\t<\/div>\n\t\t\t\t<\/div>\n\t\t\t\t\t<\/div>\n\t\t\t\t<\/div>\n\t\t<div class=\"elementor-element elementor-element-82721f0 guide-cannois e-flex e-con-boxed wpr-sticky-section-no e-con e-parent\" data-id=\"82721f0\" data-element_type=\"container\" data-settings=\"{&quot;background_background&quot;:&quot;classic&quot;,&quot;shape_divider_top&quot;:&quot;opacity-tilt&quot;,&quot;shape_divider_bottom&quot;:&quot;opacity-tilt&quot;}\">\n\t\t\t\t\t<div class=\"e-con-inner\">\n\t\t\t\t<div class=\"elementor-shape elementor-shape-top\" aria-hidden=\"true\" data-negative=\"false\">\n\t\t\t<svg xmlns=\"http:\/\/www.w3.org\/2000\/svg\" viewBox=\"0 0 2600 131.1\" preserveAspectRatio=\"none\">\n\t<path class=\"elementor-shape-fill\" d=\"M0 0L2600 0 2600 69.1 0 0z\"\/>\n\t<path class=\"elementor-shape-fill\" style=\"opacity:0.5\" d=\"M0 0L2600 0 2600 69.1 0 69.1z\"\/>\n\t<path class=\"elementor-shape-fill\" style=\"opacity:0.25\" d=\"M2600 0L0 0 0 130.1 2600 69.1z\"\/>\n<\/svg>\t\t<\/div>\n\t\t\t\t<div class=\"elementor-shape elementor-shape-bottom\" aria-hidden=\"true\" data-negative=\"false\">\n\t\t\t<svg xmlns=\"http:\/\/www.w3.org\/2000\/svg\" viewBox=\"0 0 2600 131.1\" preserveAspectRatio=\"none\">\n\t<path class=\"elementor-shape-fill\" d=\"M0 0L2600 0 2600 69.1 0 0z\"\/>\n\t<path class=\"elementor-shape-fill\" style=\"opacity:0.5\" d=\"M0 0L2600 0 2600 69.1 0 69.1z\"\/>\n\t<path class=\"elementor-shape-fill\" style=\"opacity:0.25\" d=\"M2600 0L0 0 0 130.1 2600 69.1z\"\/>\n<\/svg>\t\t<\/div>\n\t\t\t\t<div class=\"elementor-element elementor-element-b3c0e45 elementor-widget elementor-widget-heading\" data-id=\"b3c0e45\" data-element_type=\"widget\" data-widget_type=\"heading.default\">\n\t\t\t\t<div class=\"elementor-widget-container\">\n\t\t\t\t\t<h2 class=\"elementor-heading-title elementor-size-default\">Our lastest blog posts<\/h2>\t\t\t\t<\/div>\n\t\t\t\t<\/div>\n\t\t\t\t<div class=\"elementor-element elementor-element-a8265f9 elementor-grid-eael-col-3 elementor-grid-tablet-eael-col-2 elementor-grid-mobile-eael-col-1 elementor-widget elementor-widget-eael-post-grid\" data-id=\"a8265f9\" data-element_type=\"widget\" data-settings=\"{&quot;eael_post_grid_columns&quot;:&quot;eael-col-3&quot;,&quot;eael_post_grid_columns_tablet&quot;:&quot;eael-col-2&quot;,&quot;eael_post_grid_columns_mobile&quot;:&quot;eael-col-1&quot;}\" data-widget_type=\"eael-post-grid.default\">\n\t\t\t\t<div class=\"elementor-widget-container\">\n\t\t\t\t\t<div id=\"eael-post-grid-a8265f9\" class=\"eael-post-grid-container\">\n            <div class=\"eael-post-grid eael-post-appender eael-post-appender-a8265f9 eael-post-grid-style-two\" data-layout-mode=\"masonry\"><article class=\"eael-grid-post  eael-post-grid-column eael-pg-post-102930 category-non-classifiee\" data-id=\"102930\">\n    <div class=\"eael-grid-post-holder\">\n        <div class=\"eael-grid-post-holder-inner\"><div class=\"eael-entry-media\"><div class=\"eael-entry-overlay fade-in\"><i class=\"fas fa-search\" aria-hidden=\"true\"><\/i><a href=\"https:\/\/olamproperties.com\/en\/enjoy-an-unforgettable-summer-2024-in-cannes\/\"><\/a><\/div><div class=\"eael-entry-thumbnail \">\n                            <img decoding=\"async\" width=\"1\" height=\"1\" src=\"https:\/\/olamproperties.com\/wp-content\/uploads\/2024\/07\/Images-mises-en-avant-Olam-Properties.zip-2.png\" class=\"attachment-2048x2048 size-2048x2048 wp-image-102848\" alt=\"Actualit\u00e9s Olam Properties Cannes - An unforgettable Summer in Cannes : not-to-be-missed events in 2024\" \/>\n                            <\/div>\n                    <\/div><div class=\"eael-entry-wrapper\"><header class=\"eael-entry-header\"><h2 class=\"eael-entry-title\"><a class=\"eael-grid-post-link\" href=\"https:\/\/olamproperties.com\/en\/enjoy-an-unforgettable-summer-2024-in-cannes\/\" title=\"Enjoy an unforgettable summer in Cannes: not-to-be-missed events in 2024\">Enjoy an unforgettable summer in Cannes: not-to-be-missed events in 2024<\/a><\/h2><\/header><div class=\"eael-entry-content\">\n                                <div class=\"eael-grid-post-excerpt\"><p>Summer in Cannes is a time of festivities, sun and relaxation. As a specialist in holiday rentals and property transactions, Olam Properties presents the must-see events and activities in Cannes this summer.<\/p><a href=\"https:\/\/olamproperties.com\/en\/enjoy-an-unforgettable-summer-2024-in-cannes\/\" class=\"eael-post-elements-readmore-btn\">Read the whole article<\/a><\/div>\n                            <\/div><div class=\"eael-entry-header-after style-two\"><div class=\"eael-entry-meta\"><span class=\"eael-meta-posted-on\"><i class=\"far fa-clock\"><\/i><time datetime=\"July 11, 2024\">July 11, 2024<\/time><\/span><\/div><\/div><\/div><\/div>\n    <\/div>\n<\/article><article class=\"eael-grid-post  eael-post-grid-column eael-pg-post-102532 category-uncategorized\" data-id=\"102532\">\n    <div class=\"eael-grid-post-holder\">\n        <div class=\"eael-grid-post-holder-inner\"><div class=\"eael-entry-media\"><div class=\"eael-entry-overlay fade-in\"><i class=\"fas fa-search\" aria-hidden=\"true\"><\/i><a href=\"https:\/\/olamproperties.com\/en\/lero-our-mascot-at-olam-properties\/\"><\/a><\/div><div class=\"eael-entry-thumbnail \">\n                            <img decoding=\"async\" width=\"1\" height=\"1\" src=\"https:\/\/olamproperties.com\/wp-content\/uploads\/2024\/05\/5098FA80-34B6-4FB5-8B88-EA5DF5883452.png\" class=\"attachment-2048x2048 size-2048x2048 wp-image-102535\" alt=\"Actualit\u00e9s - L\u00e9ro, the blue dragon of Cannes : our mascot at Olam Properties\" \/>\n                            <\/div>\n                    <\/div><div class=\"eael-entry-wrapper\"><header class=\"eael-entry-header\"><h2 class=\"eael-entry-title\"><a class=\"eael-grid-post-link\" href=\"https:\/\/olamproperties.com\/en\/lero-our-mascot-at-olam-properties\/\" title=\"L\u00e9ro, the blue dragon of Cannes: our mascot at Olam Properties\">L\u00e9ro, the blue dragon of Cannes: our mascot at Olam Properties<\/a><\/h2><\/header><div class=\"eael-entry-content\">\n                                <div class=\"eael-grid-post-excerpt\"><p>In the picturesque landscape of Cannes, where the Mediterranean Sea embraces the sun, a local legend has captured the imagination of residents and visitors alike for centuries. This legend is that of L\u00e9ro, a blue dragon, symbol of freedom, creativity and the unshakeable spirit of Cannes. At Olam Properties, we...<\/p><a href=\"https:\/\/olamproperties.com\/en\/lero-our-mascot-at-olam-properties\/\" class=\"eael-post-elements-readmore-btn\">Read the whole article<\/a><\/div>\n                            <\/div><div class=\"eael-entry-header-after style-two\"><div class=\"eael-entry-meta\"><span class=\"eael-meta-posted-on\"><i class=\"far fa-clock\"><\/i><time datetime=\"May 29, 2024\">May 29, 2024<\/time><\/span><\/div><\/div><\/div><\/div>\n    <\/div>\n<\/article><article class=\"eael-grid-post  eael-post-grid-column eael-pg-post-102443 category-uncategorized\" data-id=\"102443\">\n    <div class=\"eael-grid-post-holder\">\n        <div class=\"eael-grid-post-holder-inner\"><div class=\"eael-entry-media\"><div class=\"eael-entry-overlay fade-in\"><i class=\"fas fa-search\" aria-hidden=\"true\"><\/i><a href=\"https:\/\/olamproperties.com\/en\/the-economic-impact-of-short-term-location\/\"><\/a><\/div><div class=\"eael-entry-thumbnail \">\n                            <img decoding=\"async\" width=\"1\" height=\"1\" src=\"https:\/\/olamproperties.com\/wp-content\/uploads\/2024\/05\/Images-mises-en-avant-Olam-Properties-4.png\" class=\"attachment-2048x2048 size-2048x2048 wp-image-102437\" alt=\"Actualit\u00e9s Olam Properties Cannes - The economic impact of short-term accommodation in France\" \/>\n                            <\/div>\n                    <\/div><div class=\"eael-entry-wrapper\"><header class=\"eael-entry-header\"><h2 class=\"eael-entry-title\"><a class=\"eael-grid-post-link\" href=\"https:\/\/olamproperties.com\/en\/the-economic-impact-of-short-term-location\/\" title=\"The economic impact of short-term accommodation in France\">The economic impact of short-term accommodation in France<\/a><\/h2><\/header><div class=\"eael-entry-content\">\n                                <div class=\"eael-grid-post-excerpt\"><p>In 2023, the short-term accommodation sector has not only transformed the way people travel, but has also had a substantial economic impact on France. A recent study carried out by Deloitte, and shared by AirBnb, reveals some impressive figures that demonstrate the growing importance of this market.<\/p><a href=\"https:\/\/olamproperties.com\/en\/the-economic-impact-of-short-term-location\/\" class=\"eael-post-elements-readmore-btn\">Read the whole article<\/a><\/div>\n                            <\/div><div class=\"eael-entry-header-after style-two\"><div class=\"eael-entry-meta\"><span class=\"eael-meta-posted-on\"><i class=\"far fa-clock\"><\/i><time datetime=\"May 3, 2024\">May 3, 2024<\/time><\/span><\/div><\/div><\/div><\/div>\n    <\/div>\n<\/article><\/div>\n            <div class=\"clearfix\"><\/div>\n        <\/div>            <div class=\"eael-load-more-button-wrap eael-force-hide\">\n                <button class=\"eael-load-more-button\" id=\"eael-load-more-btn-a8265f9\" data-widget-id=\"a8265f9\" data-widget=\"a8265f9\" data-page-id=\"12310\" data-template=\"{&quot;dir&quot;:&quot;lite&quot;,&quot;file_name&quot;:&quot;two.php&quot;,&quot;name&quot;:&quot;Post-Grid&quot;}\" data-class=\"Essential_Addons_Elementor\\Elements\\Post_Grid\" data-layout=\"masonry\" data-page=\"1\" data-args=\"orderby=date&amp;order=desc&amp;ignore_sticky_posts=1&amp;post_status=publish&amp;posts_per_page=3&amp;offset=0&amp;post_type=post\" data-max-page=\"8\">\n                    <span class=\"eael-btn-loader button__loader\"><\/span>\n                    <span class=\"eael_load_more_text\">Load More<\/span>\n                <\/button>\n            <\/div>\n            \t\t\t\t<\/div>\n\t\t\t\t<\/div>\n\t\t\t\t<div class=\"elementor-element elementor-element-dfc53d6 elementor-mobile-align-center elementor-tablet-align-center elementor-align-center elementor-widget elementor-widget-button\" data-id=\"dfc53d6\" data-element_type=\"widget\" data-widget_type=\"button.default\">\n\t\t\t\t<div class=\"elementor-widget-container\">\n\t\t\t\t\t\t\t\t\t<div class=\"elementor-button-wrapper\">\n\t\t\t\t\t<a class=\"elementor-button elementor-button-link elementor-size-sm elementor-animation-pop\" href=\"https:\/\/olamproperties.com\/real-estate-news-cannes\/blog-posts\/\">\n\t\t\t\t\t\t<span class=\"elementor-button-content-wrapper\">\n\t\t\t\t\t\t\t\t\t<span class=\"elementor-button-text\">Browse all our blog posts<\/span>\n\t\t\t\t\t<\/span>\n\t\t\t\t\t<\/a>\n\t\t\t\t<\/div>\n\t\t\t\t\t\t\t\t<\/div>\n\t\t\t\t<\/div>\n\t\t\t\t\t<\/div>\n\t\t\t\t<\/div>\n\t\t<div class=\"elementor-element elementor-element-c24628d e-flex e-con-boxed wpr-sticky-section-no e-con e-parent\" data-id=\"c24628d\" data-element_type=\"container\">\n\t\t\t\t\t<div class=\"e-con-inner\">\n\t\t<div class=\"elementor-element elementor-element-f3d455c e-con-full e-flex wpr-sticky-section-no e-con e-child\" data-id=\"f3d455c\" data-element_type=\"container\" data-settings=\"{&quot;background_background&quot;:&quot;classic&quot;}\">\n\t\t\t\t<div class=\"elementor-element elementor-element-8721080 elementor-widget elementor-widget-heading\" data-id=\"8721080\" data-element_type=\"widget\" data-widget_type=\"heading.default\">\n\t\t\t\t<div class=\"elementor-widget-container\">\n\t\t\t\t\t<h2 class=\"elementor-heading-title elementor-size-default\">Our social networks<\/h2>\t\t\t\t<\/div>\n\t\t\t\t<\/div>\n\t\t\t\t<div class=\"elementor-element elementor-element-68ad370 elementor-shape-circle elementor-grid-0 e-grid-align-center elementor-widget elementor-widget-social-icons\" data-id=\"68ad370\" data-element_type=\"widget\" data-widget_type=\"social-icons.default\">\n\t\t\t\t<div class=\"elementor-widget-container\">\n\t\t\t\t\t\t\t<div class=\"elementor-social-icons-wrapper elementor-grid\" role=\"list\">\n\t\t\t\t\t\t\t<span class=\"elementor-grid-item\" role=\"listitem\">\n\t\t\t\t\t<a class=\"elementor-icon elementor-social-icon elementor-social-icon-facebook elementor-animation-pop elementor-repeater-item-78454d6\" href=\"https:\/\/www.facebook.com\/OlamProperties\/\" target=\"_blank\">\n\t\t\t\t\t\t<span class=\"elementor-screen-only\">Facebook<\/span>\n\t\t\t\t\t\t<i aria-hidden=\"true\" class=\"fab fa-facebook\"><\/i>\t\t\t\t\t<\/a>\n\t\t\t\t<\/span>\n\t\t\t\t\t\t\t<span class=\"elementor-grid-item\" role=\"listitem\">\n\t\t\t\t\t<a class=\"elementor-icon elementor-social-icon elementor-social-icon-instagram elementor-animation-pop elementor-repeater-item-daa0137\" href=\"https:\/\/www.instagram.com\/olamproperties\/\" target=\"_blank\">\n\t\t\t\t\t\t<span class=\"elementor-screen-only\">Instagram<\/span>\n\t\t\t\t\t\t<i aria-hidden=\"true\" class=\"fab fa-instagram\"><\/i>\t\t\t\t\t<\/a>\n\t\t\t\t<\/span>\n\t\t\t\t\t\t\t<span class=\"elementor-grid-item\" role=\"listitem\">\n\t\t\t\t\t<a class=\"elementor-icon elementor-social-icon elementor-social-icon-google-plus-g elementor-animation-pop elementor-repeater-item-cb1e4ce\" href=\"https:\/\/www.google.com\/search?q=Agence+Olam+Properties&#038;stick=H4sIAAAAAAAA_-NgU1I1qDA0Sk61MLQ0tUg2MEg1Nze2MqhISTO1NEpLMTVPtLAwMUlJXcQq5piempecquCfk5irEFCUX5BaVJKZWgwAZmrEWkIAAAA&#038;hl=fr&#038;mat=CeOLtWht0GBFElcBl7_Ll9rhiohX1F0NawAnTho7js1J4dMuX5FsBn60mbDpEwn33E9O4uKDoiJTvqlg2xIByRzw6s5AntvVyvLmhAunEEaC567WMwueYeAeKZZlEFqRl20&#038;authuser=0#ip=1\" target=\"_blank\">\n\t\t\t\t\t\t<span class=\"elementor-screen-only\">Google-plus-g<\/span>\n\t\t\t\t\t\t<i aria-hidden=\"true\" class=\"fab fa-google-plus-g\"><\/i>\t\t\t\t\t<\/a>\n\t\t\t\t<\/span>\n\t\t\t\t\t\t\t<span class=\"elementor-grid-item\" role=\"listitem\">\n\t\t\t\t\t<a class=\"elementor-icon elementor-social-icon elementor-social-icon-youtube elementor-animation-pop elementor-repeater-item-e255c6a\" href=\"https:\/\/www.youtube.com\/channel\/UC1vntYoV1XMkNhbUB1RxoqQ\" target=\"_blank\">\n\t\t\t\t\t\t<span class=\"elementor-screen-only\">Youtube<\/span>\n\t\t\t\t\t\t<i aria-hidden=\"true\" class=\"fab fa-youtube\"><\/i>\t\t\t\t\t<\/a>\n\t\t\t\t<\/span>\n\t\t\t\t\t\t\t<span class=\"elementor-grid-item\" role=\"listitem\">\n\t\t\t\t\t<a class=\"elementor-icon elementor-social-icon elementor-social-icon-linkedin elementor-animation-pop elementor-repeater-item-34d533c\" href=\"https:\/\/www.linkedin.com\/uas\/login?session_redirect=https%3A%2F%2Fwww.linkedin.com%2Fcompany%2Folam-properties-cannes-seasonal-rentals%2Fabout%2F\" target=\"_blank\">\n\t\t\t\t\t\t<span class=\"elementor-screen-only\">Linkedin<\/span>\n\t\t\t\t\t\t<i aria-hidden=\"true\" class=\"fab fa-linkedin\"><\/i>\t\t\t\t\t<\/a>\n\t\t\t\t<\/span>\n\t\t\t\t\t<\/div>\n\t\t\t\t\t\t<\/div>\n\t\t\t\t<\/div>\n\t\t\t\t<div class=\"elementor-element elementor-element-da67030 elementor-mobile-align-center elementor-tablet-align-center elementor-align-center elementor-widget elementor-widget-button\" data-id=\"da67030\" data-element_type=\"widget\" data-widget_type=\"button.default\">\n\t\t\t\t<div class=\"elementor-widget-container\">\n\t\t\t\t\t\t\t\t\t<div class=\"elementor-button-wrapper\">\n\t\t\t\t\t<a class=\"elementor-button elementor-button-link elementor-size-sm elementor-animation-pop\" href=\"https:\/\/olamproperties.com\/real-estate-news-cannes\/social-networks\/\">\n\t\t\t\t\t\t<span class=\"elementor-button-content-wrapper\">\n\t\t\t\t\t\t\t\t\t<span class=\"elementor-button-text\">Olam Properties news on social media<\/span>\n\t\t\t\t\t<\/span>\n\t\t\t\t\t<\/a>\n\t\t\t\t<\/div>\n\t\t\t\t\t\t\t\t<\/div>\n\t\t\t\t<\/div>\n\t\t\t\t<\/div>\n\t\t\t\t\t<\/div>\n\t\t\t\t<\/div>\n\t\t\t\t<\/div>\n\t\t","protected":false},"excerpt":{"rendered":"<p>News Olam Properties Browse through our blog articles, whether it&#8217;s about real estate in Cannes, the latest trends or news from our Olam Properties agency! Follow us on social networks to find out more every day! Our lastest blog posts Vivez un \u00e9t\u00e9 inoubliable \u00e0 Cannes : les \u00e9v\u00e8nements \u00e0 ne pas manquer en 2024 L\u2019\u00e9t\u00e9 \u00e0 Cannes est une p\u00e9riode de festivit\u00e9s, de soleil et de d\u00e9tente. En tant que sp\u00e9cialiste de la location saisonni\u00e8re et de la transaction immobili\u00e8re, Olam Properties vous pr\u00e9sente les \u00e9v\u00e9nements et activit\u00e9s incontournables \u00e0 ne pas manquer cet \u00e9t\u00e9 \u00e0 Cannes. Read the whole article juillet 11, 2024 L\u00e9ro, le dragon bleu de Cannes : notre mascotte chez Olam Properties Dans le paysage pittoresque de Cannes, o\u00f9 la mer M\u00e9diterran\u00e9e embrasse le soleil, une l\u00e9gende locale capte l\u2019imagination des r\u00e9sidents et des visiteurs depuis des si\u00e8cles. Cette l\u00e9gende est celle de L\u00e9ro, un dragon bleu, symbole de libert\u00e9, de cr\u00e9ativit\u00e9 et de l\u2019esprit in\u00e9branlable de Cannes. Chez Olam Properties, nous&#8230; Read the whole article mai 29, 2024 L&#8217;impact \u00e9conomique des h\u00e9bergements de courte dur\u00e9e en France En 2023, le secteur des h\u00e9bergements de courte dur\u00e9e a non seulement transform\u00e9 la mani\u00e8re dont les gens voyagent mais a \u00e9galement eu un impact \u00e9conomique substantiel sur la France. Une \u00e9tude r\u00e9cente men\u00e9e par Deloitte, et partag\u00e9e par AirBnb, r\u00e9v\u00e8le des chiffres impressionnants qui d\u00e9montrent l&#039;importance croissante de ce&#8230; Read the whole article mai 3, 2024 Load More Browse all our blog posts Our social networks Facebook Instagram Google-plus-g Youtube Linkedin Olam Properties news on social media<\/p>\n","protected":false},"author":2,"featured_media":97894,"parent":0,"menu_order":0,"comment_status":"closed","ping_status":"closed","template":"elementor_canvas","meta":{"_acf_changed":false,"_monsterinsights_skip_tracking":false,"_monsterinsights_sitenote_active":false,"_monsterinsights_sitenote_note":"","_monsterinsights_sitenote_category":0,"footnotes":""},"class_list":["post-12310","page","type-page","status-publish","has-post-thumbnail","hentry"],"acf":[],"aioseo_notices":[],"_links":{"self":[{"href":"https:\/\/olamproperties.com\/en\/wp-json\/wp\/v2\/pages\/12310","targetHints":{"allow":["GET"]}}],"collection":[{"href":"https:\/\/olamproperties.com\/en\/wp-json\/wp\/v2\/pages"}],"about":[{"href":"https:\/\/olamproperties.com\/en\/wp-json\/wp\/v2\/types\/page"}],"author":[{"embeddable":true,"href":"https:\/\/olamproperties.com\/en\/wp-json\/wp\/v2\/users\/2"}],"replies":[{"embeddable":true,"href":"https:\/\/olamproperties.com\/en\/wp-json\/wp\/v2\/comments?post=12310"}],"version-history":[{"count":5,"href":"https:\/\/olamproperties.com\/en\/wp-json\/wp\/v2\/pages\/12310\/revisions"}],"predecessor-version":[{"id":125981,"href":"https:\/\/olamproperties.com\/en\/wp-json\/wp\/v2\/pages\/12310\/revisions\/125981"}],"wp:featuredmedia":[{"embeddable":true,"href":"https:\/\/olamproperties.com\/en\/wp-json\/wp\/v2\/media\/97894"}],"wp:attachment":[{"href":"https:\/\/olamproperties.com\/en\/wp-json\/wp\/v2\/media?parent=12310"}],"curies":[{"name":"wp","href":"https:\/\/api.w.org\/{rel}","templated":true}]}}